{"id":2194,"date":"2025-01-28T12:06:58","date_gmt":"2025-01-28T11:06:58","guid":{"rendered":"https:\/\/tentacom.fr\/?page_id=2194"},"modified":"2025-04-07T17:58:59","modified_gmt":"2025-04-07T15:58:59","slug":"e-book","status":"publish","type":"page","link":"https:\/\/tentacom.fr\/index.php\/e-book\/","title":{"rendered":"Ressources gratuites"},"content":{"rendered":"\t\t<div data-elementor-type=\"wp-page\" data-elementor-id=\"2194\" class=\"elementor elementor-2194\" data-elementor-post-type=\"page\">\n\t\t\t\t\t\t<section class=\"elementor-section elementor-top-section elementor-element elementor-element-916289a elementor-section-height-full elementor-section-boxed elementor-section-height-default elementor-section-items-middle\" data-id=\"916289a\" data-element_type=\"section\" data-settings=\"{&quot;background_background&quot;:&quot;classic&quot;}\">\n\t\t\t\t\t\t<div class=\"elementor-container elementor-column-gap-narrow\">\n\t\t\t\t\t<div class=\"elementor-column elementor-col-50 elementor-top-column elementor-element elementor-element-3599522\" data-id=\"3599522\" data-element_type=\"column\">\n\t\t\t<div class=\"elementor-widget-wrap elementor-element-populated\">\n\t\t\t\t\t\t<div class=\"elementor-element elementor-element-2b6602d elementor-widget elementor-widget-heading\" data-id=\"2b6602d\" data-element_type=\"widget\" data-widget_type=\"heading.default\">\n\t\t\t\t<div class=\"elementor-widget-container\">\n\t\t\t\t\t<h1 class=\"elementor-heading-title elementor-size-default\">Des ressources gratuites pour booster ta com \u00e9co-engag\u00e9e<\/h1>\t\t\t\t<\/div>\n\t\t\t\t<\/div>\n\t\t\t\t\t<\/div>\n\t\t<\/div>\n\t\t\t\t<div class=\"elementor-column elementor-col-50 elementor-top-column elementor-element elementor-element-88b799b\" data-id=\"88b799b\" data-element_type=\"column\">\n\t\t\t<div class=\"elementor-widget-wrap elementor-element-populated\">\n\t\t\t\t\t\t<div class=\"elementor-element elementor-element-950f0be elementor-widget__width-initial elementor-widget elementor-widget-image\" data-id=\"950f0be\" data-element_type=\"widget\" data-widget_type=\"image.default\">\n\t\t\t\t<div class=\"elementor-widget-container\">\n\t\t\t\t\t\t\t\t\t\t\t\t\t\t\t<img fetchpriority=\"high\" decoding=\"async\" width=\"300\" height=\"284\" src=\"https:\/\/tentacom.fr\/wp-content\/uploads\/2024\/11\/poulpe-accueil-300x284.png\" class=\"attachment-medium size-medium wp-image-1546\" alt=\"Communication_digitale\" srcset=\"https:\/\/tentacom.fr\/wp-content\/uploads\/2024\/11\/poulpe-accueil-300x284.png 300w, https:\/\/tentacom.fr\/wp-content\/uploads\/2024\/11\/poulpe-accueil-1024x969.png 1024w, https:\/\/tentacom.fr\/wp-content\/uploads\/2024\/11\/poulpe-accueil-768x727.png 768w, https:\/\/tentacom.fr\/wp-content\/uploads\/2024\/11\/poulpe-accueil.png 1383w\" sizes=\"(max-width: 300px) 100vw, 300px\" \/>\t\t\t\t\t\t\t\t\t\t\t\t\t\t\t<\/div>\n\t\t\t\t<\/div>\n\t\t\t\t\t<\/div>\n\t\t<\/div>\n\t\t\t\t\t<\/div>\n\t\t<\/section>\n\t\t\t\t<section class=\"elementor-section elementor-top-section elementor-element elementor-element-1a83e32 elementor-section-boxed elementor-section-height-default elementor-section-height-default\" data-id=\"1a83e32\" data-element_type=\"section\">\n\t\t\t\t\t\t<div class=\"elementor-container elementor-column-gap-default\">\n\t\t\t\t\t<div class=\"elementor-column elementor-col-100 elementor-top-column elementor-element elementor-element-4ac4cf7\" data-id=\"4ac4cf7\" data-element_type=\"column\">\n\t\t\t<div class=\"elementor-widget-wrap elementor-element-populated\">\n\t\t\t\t\t\t<div class=\"elementor-element elementor-element-0124c28 elementor-widget elementor-widget-text-editor\" data-id=\"0124c28\" data-element_type=\"widget\" data-widget_type=\"text-editor.default\">\n\t\t\t\t<div class=\"elementor-widget-container\">\n\t\t\t\t\t\t\t\t\t<p>Vous r\u00eavez de booster votre pr\u00e9sence sur Instagram et d\u2019attirer plus de clients gr\u00e2ce \u00e0 une strat\u00e9gie efficace ?<\/p><p>Ce guide est fait pour vous ! \ud83d\udcd6<\/p><p>\u00a0<\/p><p><strong>Au programme de cet e-book :<\/strong><\/p><ul><li>Les secrets pour optimiser votre profil professionnel et attirer l\u2019attention d\u00e8s le premier coup d\u2019\u0153il. \u2728<\/li><li>Des astuces pratiques pour planifier efficacement vos contenus et maintenir une pr\u00e9sence r\u00e9guli\u00e8re. \ud83d\udcc5<\/li><li>Les bases du storytelling pour cr\u00e9er une connexion \u00e9motionnelle avec votre audience. \ud83d\udca1<\/li><li>Comment utiliser les Reels, Stories et hashtags pour maximiser votre visibilit\u00e9. \ud83d\ude80<\/li><li>Des conseils pour analyser vos r\u00e9sultats et ajuster votre strat\u00e9gie pour des performances optimales. \ud83d\udcca<\/li><\/ul><p>\u00a0<\/p><p><strong>Pourquoi attendre ?<\/strong> Remplissez le formulaire ci-dessous pour recevoir imm\u00e9diatement ce guide exclusif et transformez votre compte Instagram en un v\u00e9ritable levier de croissance.<\/p>\t\t\t\t\t\t\t\t<\/div>\n\t\t\t\t<\/div>\n\t\t\t\t\t<\/div>\n\t\t<\/div>\n\t\t\t\t\t<\/div>\n\t\t<\/section>\n\t\t\t\t<section class=\"elementor-section elementor-top-section elementor-element elementor-element-daa765b elementor-section-boxed elementor-section-height-default elementor-section-height-default\" data-id=\"daa765b\" data-element_type=\"section\">\n\t\t\t\t\t\t<div class=\"elementor-container elementor-column-gap-default\">\n\t\t\t\t\t<div class=\"elementor-column elementor-col-33 elementor-top-column elementor-element elementor-element-7351cb5\" data-id=\"7351cb5\" data-element_type=\"column\">\n\t\t\t<div class=\"elementor-widget-wrap\">\n\t\t\t\t\t\t\t<\/div>\n\t\t<\/div>\n\t\t\t\t<div class=\"elementor-column elementor-col-33 elementor-top-column elementor-element elementor-element-09b3c9b\" data-id=\"09b3c9b\" data-element_type=\"column\">\n\t\t\t<div class=\"elementor-widget-wrap elementor-element-populated\">\n\t\t\t\t\t\t<div class=\"elementor-element elementor-element-342a93e elementor-widget__width-initial elementor-button-align-stretch elementor-widget elementor-widget-form\" data-id=\"342a93e\" data-element_type=\"widget\" data-settings=\"{&quot;button_width&quot;:&quot;50&quot;,&quot;step_next_label&quot;:&quot;Suivant&quot;,&quot;step_previous_label&quot;:&quot;Pr\\u00e9c\\u00e9dent&quot;,&quot;step_type&quot;:&quot;number_text&quot;,&quot;step_icon_shape&quot;:&quot;circle&quot;}\" data-widget_type=\"form.default\">\n\t\t\t\t<div class=\"elementor-widget-container\">\n\t\t\t\t\t\t\t<form class=\"elementor-form\" method=\"post\" name=\"E-book\">\n\t\t\t<input type=\"hidden\" name=\"post_id\" value=\"2194\"\/>\n\t\t\t<input type=\"hidden\" name=\"form_id\" value=\"342a93e\"\/>\n\t\t\t<input type=\"hidden\" name=\"referer_title\" value=\"Ressources gratuites - TentaCom\" \/>\n\n\t\t\t\t\t\t\t<input type=\"hidden\" name=\"queried_id\" value=\"2194\"\/>\n\t\t\t\n\t\t\t<div class=\"elementor-form-fields-wrapper elementor-labels-above\">\n\t\t\t\t\t\t\t\t<div class=\"elementor-field-type-text elementor-field-group elementor-column elementor-field-group-name elementor-col-100 elementor-field-required\">\n\t\t\t\t\t\t\t\t\t\t\t\t<label for=\"form-field-name\" class=\"elementor-field-label\">\n\t\t\t\t\t\t\t\tNom \/ Pr\u00e9nom\t\t\t\t\t\t\t<\/label>\n\t\t\t\t\t\t\t\t\t\t\t\t\t\t<input size=\"1\" type=\"text\" name=\"form_fields[name]\" id=\"form-field-name\" class=\"elementor-field elementor-size-sm  elementor-field-textual\" required=\"required\" aria-required=\"true\">\n\t\t\t\t\t\t\t\t\t\t\t<\/div>\n\t\t\t\t\t\t\t\t<div class=\"elementor-field-type-email elementor-field-group elementor-column elementor-field-group-email elementor-col-100\">\n\t\t\t\t\t\t\t\t\t\t\t\t<label for=\"form-field-email\" class=\"elementor-field-label\">\n\t\t\t\t\t\t\t\tE-mail\t\t\t\t\t\t\t<\/label>\n\t\t\t\t\t\t\t\t\t\t\t\t\t\t<input size=\"1\" type=\"email\" name=\"form_fields[email]\" id=\"form-field-email\" class=\"elementor-field elementor-size-sm  elementor-field-textual\">\n\t\t\t\t\t\t\t\t\t\t\t<\/div>\n\t\t\t\t\t\t\t\t<div class=\"elementor-field-type-acceptance elementor-field-group elementor-column elementor-field-group-field_129d313 elementor-col-100 elementor-field-required\">\n\t\t\t\t\t\t\t<div class=\"elementor-field-subgroup\">\n\t\t\t<span class=\"elementor-field-option\">\n\t\t\t\t<input type=\"checkbox\" name=\"form_fields[field_129d313]\" id=\"form-field-field_129d313\" class=\"elementor-field elementor-size-sm  elementor-acceptance-field\" required=\"required\" aria-required=\"true\">\n\t\t\t\t<label for=\"form-field-field_129d313\">J\u2019accepte que mes donn\u00e9es soient trait\u00e9es pour permettre \u00e0 TentaCom de r\u00e9pondre \u00e0 ma demande.<\/label>\t\t\t<\/span>\n\t\t<\/div>\n\t\t\t\t\t\t<\/div>\n\t\t\t\t\t\t\t\t<div class=\"elementor-field-group elementor-column elementor-field-type-submit elementor-col-50 e-form__buttons\">\n\t\t\t\t\t<button class=\"elementor-button elementor-size-sm\" type=\"submit\">\n\t\t\t\t\t\t<span class=\"elementor-button-content-wrapper\">\n\t\t\t\t\t\t\t\t\t\t\t\t\t\t\t\t\t\t\t\t\t\t<span class=\"elementor-button-text\">Envoyer<\/span>\n\t\t\t\t\t\t\t\t\t\t\t\t\t<\/span>\n\t\t\t\t\t<\/button>\n\t\t\t\t<\/div>\n\t\t\t<\/div>\n\t\t<\/form>\n\t\t\t\t\t\t<\/div>\n\t\t\t\t<\/div>\n\t\t\t\t<div class=\"elementor-element elementor-element-19729b8 elementor-widget elementor-widget-text-editor\" data-id=\"19729b8\" data-element_type=\"widget\" data-widget_type=\"text-editor.default\">\n\t\t\t\t<div class=\"elementor-widget-container\">\n\t\t\t\t\t\t\t\t\t<p style=\"font-size: 14px; color: #333;\">\ud83d\udd12 <em>Les informations recueillies via ce formulaire sont enregistr\u00e9es par TentaCom pour r\u00e9pondre \u00e0 ta demande. Tu peux \u00e0 tout moment demander leur suppression. Pour en savoir plus, consulte la\n<a style=\"color: inherit; text-decoration: none;\" href=\"https:\/\/tentacom.fr\/index.php\/politiques-de-confidentialite\/\" target=\"_blank\" rel=\"noopener\">Politique de confidentialit\u00e9<\/a>.<\/em><\/p>\t\t\t\t\t\t\t\t<\/div>\n\t\t\t\t<\/div>\n\t\t\t\t\t<\/div>\n\t\t<\/div>\n\t\t\t\t<div class=\"elementor-column elementor-col-33 elementor-top-column elementor-element elementor-element-d37f225\" data-id=\"d37f225\" data-element_type=\"column\">\n\t\t\t<div class=\"elementor-widget-wrap\">\n\t\t\t\t\t\t\t<\/div>\n\t\t<\/div>\n\t\t\t\t\t<\/div>\n\t\t<\/section>\n\t\t\t\t<\/div>\n\t\t","protected":false},"excerpt":{"rendered":"<p>Des ressources gratuites pour booster ta com \u00e9co-engag\u00e9e Vous r\u00eavez de booster votre pr\u00e9sence sur Instagram et d\u2019attirer plus de clients gr\u00e2ce \u00e0 une strat\u00e9gie efficace ? Ce guide est fait pour vous ! \ud83d\udcd6 \u00a0 Au programme de cet e-book : Les secrets pour optimiser votre profil professionnel et attirer l\u2019attention d\u00e8s le premier [&hellip;]<\/p>\n","protected":false},"author":1,"featured_media":0,"parent":0,"menu_order":0,"comment_status":"closed","ping_status":"closed","template":"elementor_header_footer","meta":{"footnotes":""},"class_list":["post-2194","page","type-page","status-publish","hentry"],"yoast_head":"<!-- This site is optimized with the Yoast SEO plugin v24.7 - https:\/\/yoast.com\/wordpress\/plugins\/seo\/ -->\n<title>Ressources gratuites - TentaCom<\/title>\n<meta name=\"robots\" content=\"index, follow, max-snippet:-1, max-image-preview:large, max-video-preview:-1\" \/>\n<link rel=\"canonical\" href=\"https:\/\/tentacom.fr\/index.php\/e-book\/\" \/>\n<meta property=\"og:locale\" content=\"fr_FR\" \/>\n<meta property=\"og:type\" content=\"article\" \/>\n<meta property=\"og:title\" content=\"Ressources gratuites - TentaCom\" \/>\n<meta property=\"og:description\" content=\"Des ressources gratuites pour booster ta com \u00e9co-engag\u00e9e Vous r\u00eavez de booster votre pr\u00e9sence sur Instagram et d\u2019attirer plus de clients gr\u00e2ce \u00e0 une strat\u00e9gie efficace ? Ce guide est fait pour vous ! \ud83d\udcd6 \u00a0 Au programme de cet e-book : Les secrets pour optimiser votre profil professionnel et attirer l\u2019attention d\u00e8s le premier [&hellip;]\" \/>\n<meta property=\"og:url\" content=\"https:\/\/tentacom.fr\/index.php\/e-book\/\" \/>\n<meta property=\"og:site_name\" content=\"TentaCom\" \/>\n<meta property=\"article:modified_time\" content=\"2025-04-07T15:58:59+00:00\" \/>\n<meta property=\"og:image\" content=\"https:\/\/tentacom.fr\/wp-content\/uploads\/2024\/11\/poulpe-accueil.png\" \/>\n\t<meta property=\"og:image:width\" content=\"1383\" \/>\n\t<meta property=\"og:image:height\" content=\"1309\" \/>\n\t<meta property=\"og:image:type\" content=\"image\/png\" \/>\n<meta name=\"twitter:card\" content=\"summary_large_image\" \/>\n<meta name=\"twitter:label1\" content=\"Dur\u00e9e de lecture estim\u00e9e\" \/>\n\t<meta name=\"twitter:data1\" content=\"2 minutes\" \/>\n<script type=\"application\/ld+json\" class=\"yoast-schema-graph\">{\"@context\":\"https:\/\/schema.org\",\"@graph\":[{\"@type\":\"WebPage\",\"@id\":\"https:\/\/tentacom.fr\/index.php\/e-book\/\",\"url\":\"https:\/\/tentacom.fr\/index.php\/e-book\/\",\"name\":\"Ressources gratuites - TentaCom\",\"isPartOf\":{\"@id\":\"https:\/\/tentacom.fr\/#website\"},\"primaryImageOfPage\":{\"@id\":\"https:\/\/tentacom.fr\/index.php\/e-book\/#primaryimage\"},\"image\":{\"@id\":\"https:\/\/tentacom.fr\/index.php\/e-book\/#primaryimage\"},\"thumbnailUrl\":\"https:\/\/tentacom.fr\/wp-content\/uploads\/2024\/11\/poulpe-accueil-300x284.png\",\"datePublished\":\"2025-01-28T11:06:58+00:00\",\"dateModified\":\"2025-04-07T15:58:59+00:00\",\"breadcrumb\":{\"@id\":\"https:\/\/tentacom.fr\/index.php\/e-book\/#breadcrumb\"},\"inLanguage\":\"fr-FR\",\"potentialAction\":[{\"@type\":\"ReadAction\",\"target\":[\"https:\/\/tentacom.fr\/index.php\/e-book\/\"]}]},{\"@type\":\"ImageObject\",\"inLanguage\":\"fr-FR\",\"@id\":\"https:\/\/tentacom.fr\/index.php\/e-book\/#primaryimage\",\"url\":\"https:\/\/tentacom.fr\/wp-content\/uploads\/2024\/11\/poulpe-accueil.png\",\"contentUrl\":\"https:\/\/tentacom.fr\/wp-content\/uploads\/2024\/11\/poulpe-accueil.png\",\"width\":1383,\"height\":1309,\"caption\":\"Communication_digitale\"},{\"@type\":\"BreadcrumbList\",\"@id\":\"https:\/\/tentacom.fr\/index.php\/e-book\/#breadcrumb\",\"itemListElement\":[{\"@type\":\"ListItem\",\"position\":1,\"name\":\"Accueil\",\"item\":\"https:\/\/tentacom.fr\/\"},{\"@type\":\"ListItem\",\"position\":2,\"name\":\"Ressources gratuites\"}]},{\"@type\":\"WebSite\",\"@id\":\"https:\/\/tentacom.fr\/#website\",\"url\":\"https:\/\/tentacom.fr\/\",\"name\":\"TentaCom\",\"description\":\"\",\"publisher\":{\"@id\":\"https:\/\/tentacom.fr\/#organization\"},\"potentialAction\":[{\"@type\":\"SearchAction\",\"target\":{\"@type\":\"EntryPoint\",\"urlTemplate\":\"https:\/\/tentacom.fr\/?s={search_term_string}\"},\"query-input\":{\"@type\":\"PropertyValueSpecification\",\"valueRequired\":true,\"valueName\":\"search_term_string\"}}],\"inLanguage\":\"fr-FR\"},{\"@type\":\"Organization\",\"@id\":\"https:\/\/tentacom.fr\/#organization\",\"name\":\"TentaCom\",\"url\":\"https:\/\/tentacom.fr\/\",\"logo\":{\"@type\":\"ImageObject\",\"inLanguage\":\"fr-FR\",\"@id\":\"https:\/\/tentacom.fr\/#\/schema\/logo\/image\/\",\"url\":\"https:\/\/tentacom.fr\/wp-content\/uploads\/2024\/11\/cropped-Logo-11.png\",\"contentUrl\":\"https:\/\/tentacom.fr\/wp-content\/uploads\/2024\/11\/cropped-Logo-11.png\",\"width\":635,\"height\":634,\"caption\":\"TentaCom\"},\"image\":{\"@id\":\"https:\/\/tentacom.fr\/#\/schema\/logo\/image\/\"}}]}<\/script>\n<!-- \/ Yoast SEO plugin. -->","yoast_head_json":{"title":"Ressources gratuites - TentaCom","robots":{"index":"index","follow":"follow","max-snippet":"max-snippet:-1","max-image-preview":"max-image-preview:large","max-video-preview":"max-video-preview:-1"},"canonical":"https:\/\/tentacom.fr\/index.php\/e-book\/","og_locale":"fr_FR","og_type":"article","og_title":"Ressources gratuites - TentaCom","og_description":"Des ressources gratuites pour booster ta com \u00e9co-engag\u00e9e Vous r\u00eavez de booster votre pr\u00e9sence sur Instagram et d\u2019attirer plus de clients gr\u00e2ce \u00e0 une strat\u00e9gie efficace ? Ce guide est fait pour vous ! \ud83d\udcd6 \u00a0 Au programme de cet e-book : Les secrets pour optimiser votre profil professionnel et attirer l\u2019attention d\u00e8s le premier [&hellip;]","og_url":"https:\/\/tentacom.fr\/index.php\/e-book\/","og_site_name":"TentaCom","article_modified_time":"2025-04-07T15:58:59+00:00","og_image":[{"width":1383,"height":1309,"url":"https:\/\/tentacom.fr\/wp-content\/uploads\/2024\/11\/poulpe-accueil.png","type":"image\/png"}],"twitter_card":"summary_large_image","twitter_misc":{"Dur\u00e9e de lecture estim\u00e9e":"2 minutes"},"schema":{"@context":"https:\/\/schema.org","@graph":[{"@type":"WebPage","@id":"https:\/\/tentacom.fr\/index.php\/e-book\/","url":"https:\/\/tentacom.fr\/index.php\/e-book\/","name":"Ressources gratuites - TentaCom","isPartOf":{"@id":"https:\/\/tentacom.fr\/#website"},"primaryImageOfPage":{"@id":"https:\/\/tentacom.fr\/index.php\/e-book\/#primaryimage"},"image":{"@id":"https:\/\/tentacom.fr\/index.php\/e-book\/#primaryimage"},"thumbnailUrl":"https:\/\/tentacom.fr\/wp-content\/uploads\/2024\/11\/poulpe-accueil-300x284.png","datePublished":"2025-01-28T11:06:58+00:00","dateModified":"2025-04-07T15:58:59+00:00","breadcrumb":{"@id":"https:\/\/tentacom.fr\/index.php\/e-book\/#breadcrumb"},"inLanguage":"fr-FR","potentialAction":[{"@type":"ReadAction","target":["https:\/\/tentacom.fr\/index.php\/e-book\/"]}]},{"@type":"ImageObject","inLanguage":"fr-FR","@id":"https:\/\/tentacom.fr\/index.php\/e-book\/#primaryimage","url":"https:\/\/tentacom.fr\/wp-content\/uploads\/2024\/11\/poulpe-accueil.png","contentUrl":"https:\/\/tentacom.fr\/wp-content\/uploads\/2024\/11\/poulpe-accueil.png","width":1383,"height":1309,"caption":"Communication_digitale"},{"@type":"BreadcrumbList","@id":"https:\/\/tentacom.fr\/index.php\/e-book\/#breadcrumb","itemListElement":[{"@type":"ListItem","position":1,"name":"Accueil","item":"https:\/\/tentacom.fr\/"},{"@type":"ListItem","position":2,"name":"Ressources gratuites"}]},{"@type":"WebSite","@id":"https:\/\/tentacom.fr\/#website","url":"https:\/\/tentacom.fr\/","name":"TentaCom","description":"","publisher":{"@id":"https:\/\/tentacom.fr\/#organization"},"potentialAction":[{"@type":"SearchAction","target":{"@type":"EntryPoint","urlTemplate":"https:\/\/tentacom.fr\/?s={search_term_string}"},"query-input":{"@type":"PropertyValueSpecification","valueRequired":true,"valueName":"search_term_string"}}],"inLanguage":"fr-FR"},{"@type":"Organization","@id":"https:\/\/tentacom.fr\/#organization","name":"TentaCom","url":"https:\/\/tentacom.fr\/","logo":{"@type":"ImageObject","inLanguage":"fr-FR","@id":"https:\/\/tentacom.fr\/#\/schema\/logo\/image\/","url":"https:\/\/tentacom.fr\/wp-content\/uploads\/2024\/11\/cropped-Logo-11.png","contentUrl":"https:\/\/tentacom.fr\/wp-content\/uploads\/2024\/11\/cropped-Logo-11.png","width":635,"height":634,"caption":"TentaCom"},"image":{"@id":"https:\/\/tentacom.fr\/#\/schema\/logo\/image\/"}}]}},"_links":{"self":[{"href":"https:\/\/tentacom.fr\/index.php\/wp-json\/wp\/v2\/pages\/2194","targetHints":{"allow":["GET"]}}],"collection":[{"href":"https:\/\/tentacom.fr\/index.php\/wp-json\/wp\/v2\/pages"}],"about":[{"href":"https:\/\/tentacom.fr\/index.php\/wp-json\/wp\/v2\/types\/page"}],"author":[{"embeddable":true,"href":"https:\/\/tentacom.fr\/index.php\/wp-json\/wp\/v2\/users\/1"}],"replies":[{"embeddable":true,"href":"https:\/\/tentacom.fr\/index.php\/wp-json\/wp\/v2\/comments?post=2194"}],"version-history":[{"count":20,"href":"https:\/\/tentacom.fr\/index.php\/wp-json\/wp\/v2\/pages\/2194\/revisions"}],"predecessor-version":[{"id":2323,"href":"https:\/\/tentacom.fr\/index.php\/wp-json\/wp\/v2\/pages\/2194\/revisions\/2323"}],"wp:attachment":[{"href":"https:\/\/tentacom.fr\/index.php\/wp-json\/wp\/v2\/media?parent=2194"}],"curies":[{"name":"wp","href":"https:\/\/api.w.org\/{rel}","templated":true}]}}